{"id":286,"date":"2020-01-19T19:41:14","date_gmt":"2020-01-19T12:41:14","guid":{"rendered":"http:\/\/inthunggiay.com\/?page_id=286"},"modified":"2020-06-04T18:22:49","modified_gmt":"2020-06-04T11:22:49","slug":"home-page","status":"publish","type":"page","link":"https:\/\/baobiminhan.com.vn\/en\/","title":{"rendered":"Home page"},"content":{"rendered":"<p>[vc_section full_width=&#8221;stretch_row&#8221; el_id=&#8221;about-us&#8221; el_class=&#8221;home-section&#8221; css=&#8221;.vc_custom_1579517958772{background-image: url(http:\/\/inthunggiay.com\/wp-content\/uploads\/2020\/01\/bg-aboutus.png?id=346) !important;}&#8221;][vc_row el_class=&#8221;row-header&#8221;][vc_column el_class=&#8221;text-center&#8221;][vc_custom_heading text=&#8221;ABOUT US&#8221; font_container=&#8221;tag:h2|text_align:center&#8221; use_theme_fonts=&#8221;yes&#8221; el_class=&#8221;hometitle&#8221;][\/vc_column][\/vc_row][vc_row el_class=&#8221;content-row&#8221;][vc_column width=&#8221;1\/4&#8243;][vc_single_image image=&#8221;324&#8243; img_size=&#8221;full&#8221; alignment=&#8221;center&#8221; onclick=&#8221;custom_link&#8221; img_link_target=&#8221;_blank&#8221; link=&#8221;\/san-pham&#8221; el_class=&#8221;item-pic&#8221; css=&#8221;.vc_custom_1579507425993{margin-top: 3rem !important;margin-bottom: 3rem !important;}&#8221;][vc_column_text]<\/p>\n<h3 style=\"text-align: center;\">DIVERSITY PRODUCTS<\/h3>\n<p style=\"text-align: center;\">MotasanphaWe produce carton packaging with all kinds of wave structure, quality, paper color and size, quantity and specificationsm<\/p>\n<p>[\/vc_column_text][\/vc_column][vc_column width=&#8221;1\/4&#8243;][vc_single_image image=&#8221;326&#8243; img_size=&#8221;full&#8221; alignment=&#8221;center&#8221; onclick=&#8221;custom_link&#8221; img_link_target=&#8221;_blank&#8221; link=&#8221;http:\/\/baobiminhan.com.vn\/&#8221; el_class=&#8221;item-pic&#8221; css=&#8221;.vc_custom_1579509772346{margin-top: 3rem !important;margin-bottom: 3rem !important;}&#8221;][vc_column_text]<\/p>\n<h3 style=\"text-align: center;\">HETHONGMAYMMODERN MACHINE SYSTEMOC<\/h3>\n<p style=\"text-align: center;\">The system of modern and highly automated machines achieves a stable capacity, ensuring the orders are delivered on time with the best quality.<\/p>\n<p>[\/vc_column_text][\/vc_column][vc_column width=&#8221;1\/4&#8243;][vc_single_image image=&#8221;328&#8243; img_size=&#8221;full&#8221; alignment=&#8221;center&#8221; onclick=&#8221;custom_link&#8221; img_link_target=&#8221;_blank&#8221; link=&#8221;http:\/\/baobiminhan.com.vn\/&#8221; el_class=&#8221;item-pic&#8221; css=&#8221;.vc_custom_1579509828798{margin-top: 3rem !important;margin-bottom: 3rem !important;}&#8221;][vc_column_text]<\/p>\n<h3 style=\"text-align: center;\">PRESTIGE CERTIFICATION<\/h3>\n<p style=\"text-align: center;\">Our products are honored to receive ISO certification according to international quality standards.<\/p>\n<p>[\/vc_column_text][\/vc_column][vc_column width=&#8221;1\/4&#8243;][vc_single_image image=&#8221;330&#8243; img_size=&#8221;full&#8221; alignment=&#8221;center&#8221; onclick=&#8221;custom_link&#8221; img_link_target=&#8221;_blank&#8221; link=&#8221;https:\/\/drive.google.com\/file\/d\/1xnHv7XsYKpbkT7jurJgf3SB1-P7AHvTR\/view?usp=sharing&#8221; el_class=&#8221;item-pic&#8221; css=&#8221;.vc_custom_1579509888190{margin-top: 3rem !important;margin-bottom: 3rem !important;}&#8221;][vc_column_text]<\/p>\n<h3 style=\"text-align: center;\">CAPACITY PROFILE<\/h3>\n<p style=\"text-align: center;\">Brochures about Bac Truong Son Company, Human Resources, Equipment capacity, Machinery, Customer List, &#8230;<\/p>\n<p>[\/vc_column_text][\/vc_column][\/vc_row][\/vc_section][vc_section full_width=&#8221;stretch_row&#8221; el_id=&#8221;product-category&#8221; el_class=&#8221;home-section&#8221; css=&#8221;.vc_custom_1579518046438{border-top-width: 1px !important;background-color: #ffffff !important;border-top-color: #e0e0e0 !important;border-top-style: solid !important;}&#8221;][vc_row el_class=&#8221;row-header&#8221;][vc_column el_class=&#8221;text-center&#8221;][vc_custom_heading text=&#8221;FEATURE PRODUCTS&#8221; font_container=&#8221;tag:h2|text_align:center&#8221; use_theme_fonts=&#8221;yes&#8221; el_class=&#8221;hometitle&#8221;][\/vc_column][\/vc_row][vc_row el_class=&#8221;content-row&#8221;][vc_column width=&#8221;1\/3&#8243;][vc_single_image image=&#8221;332&#8243; img_size=&#8221;full&#8221; alignment=&#8221;center&#8221; onclick=&#8221;custom_link&#8221; css_animation=&#8221;none&#8221; link=&#8221;http:\/\/http:\/\/inthunggiay.com\/danh-muc\/carton-hop-357-lop\/&#8221; el_class=&#8221;item-pic&#8221;][vc_custom_heading text=&#8221;Carton h\u1ed9p 3,5,7 l\u1edbp&#8221; font_container=&#8221;tag:h3|text_align:center&#8221; use_theme_fonts=&#8221;yes&#8221; link=&#8221;url:http%3A%2F%2Flocalhost%2Fbactruongson%2Fdanh-muc%2Fcarton-hop-357-lop%2F|||&#8221; el_class=&#8221;item-title&#8221;][\/vc_column][vc_column width=&#8221;1\/3&#8243;][vc_single_image image=&#8221;334&#8243; img_size=&#8221;full&#8221; alignment=&#8221;center&#8221; onclick=&#8221;custom_link&#8221; css_animation=&#8221;none&#8221; link=&#8221;http:\/\/inthunggiay.com\/danh-muc\/carton-tam-23457-lop\/&#8221; el_class=&#8221;item-pic&#8221;][vc_custom_heading text=&#8221;Carton t\u1ea5m 2,3,4,5,7 l\u1edbp&#8221; font_container=&#8221;tag:h3|text_align:center&#8221; use_theme_fonts=&#8221;yes&#8221; link=&#8221;url:http%3A%2F%2Flocalhost%2Fbactruongson%2Fdanh-muc%2Fcarton-tam-23457-lop%2F|||&#8221; el_class=&#8221;item-title&#8221;][\/vc_column][vc_column width=&#8221;1\/3&#8243;][vc_single_image image=&#8221;336&#8243; img_size=&#8221;full&#8221; alignment=&#8221;center&#8221; onclick=&#8221;custom_link&#8221; css_animation=&#8221;none&#8221; link=&#8221;http:\/\/inthunggiay.com\/danh-muc\/cac-loai-song-carton-abce\/&#8221; el_class=&#8221;item-pic&#8221;][vc_custom_heading text=&#8221;C\u00e1c lo\u1ea1i s\u00f3ng carton A,B,C,E&#8221; font_container=&#8221;tag:h3|text_align:center&#8221; use_theme_fonts=&#8221;yes&#8221; link=&#8221;url:http%3A%2F%2Flocalhost%2Fbactruongson%2Fdanh-muc%2Fcac-loai-song-carton-abce%2F|||&#8221; el_class=&#8221;item-title&#8221;][\/vc_column][vc_column width=&#8221;1\/3&#8243;][vc_single_image image=&#8221;338&#8243; img_size=&#8221;full&#8221; alignment=&#8221;center&#8221; onclick=&#8221;custom_link&#8221; css_animation=&#8221;none&#8221; link=&#8221;http:\/\/inthunggiay.com\/danh-muc\/san-pham-khac-tu-giay-carton\/&#8221; el_class=&#8221;item-pic&#8221;][vc_custom_heading text=&#8221;S\u1ea3n ph\u1ea9m kh\u00e1c t\u1eeb gi\u1ea5y carton\u2026&#8221; font_container=&#8221;tag:h3|text_align:center&#8221; use_theme_fonts=&#8221;yes&#8221; link=&#8221;url:http%3A%2F%2Flocalhost%2Fbactruongson%2Fdanh-muc%2Fsan-pham-khac-tu-giay-carton%2F|||&#8221; el_class=&#8221;item-title&#8221;][\/vc_column][vc_column width=&#8221;1\/3&#8243;][vc_single_image image=&#8221;340&#8243; img_size=&#8221;full&#8221; alignment=&#8221;center&#8221; onclick=&#8221;custom_link&#8221; css_animation=&#8221;none&#8221; link=&#8221;http:\/\/http:\/\/inthunggiay.com\/danh-muc\/carton-hop-357-lop\/&#8221; el_class=&#8221;item-pic&#8221;][vc_custom_heading text=&#8221;Thanh n\u1eb9p g\u00f3c ch\u1eef V&#8221; font_container=&#8221;tag:h3|text_align:center&#8221; use_theme_fonts=&#8221;yes&#8221; link=&#8221;url:http%3A%2F%2Flocalhost%2Fbactruongson%2Fdanh-muc%2Fcarton-tam-23457-lop%2F|||&#8221; el_class=&#8221;item-title&#8221;][\/vc_column][vc_column width=&#8221;1\/3&#8243;][vc_single_image image=&#8221;342&#8243; img_size=&#8221;full&#8221; alignment=&#8221;center&#8221; onclick=&#8221;custom_link&#8221; css_animation=&#8221;none&#8221; link=&#8221;http:\/\/inthunggiay.com\/danh-muc\/pallet-giay-to-ong\/&#8221; el_class=&#8221;item-pic&#8221;][vc_custom_heading text=&#8221;Pallet gi\u1ea5y t\u1ed5 ong&#8221; font_container=&#8221;tag:h3|text_align:center&#8221; use_theme_fonts=&#8221;yes&#8221; link=&#8221;url:http%3A%2F%2Flocalhost%2Fbactruongson%2Fdanh-muc%2Fpallet-giay-to-ong%2F|||&#8221; el_class=&#8221;item-title&#8221;][\/vc_column][vc_column][vc_btn title=&#8221;VIEW ALL PRODUCTS&#8221; style=&#8221;custom&#8221; custom_background=&#8221;&#8221; custom_text=&#8221;&#8221; shape=&#8221;square&#8221; align=&#8221;center&#8221; link=&#8221;url:http%3A%2F%2Flocalhost%2Fbactruongson%2Fsan-pham%2F|title:S%E1%BA%A3n%20ph%E1%BA%A9m||&#8221; el_class=&#8221;readmore&#8221;][\/vc_column][\/vc_row][\/vc_section][vc_section full_width=&#8221;stretch_row&#8221; parallax=&#8221;content-moving&#8221; parallax_image=&#8221;344&#8243; el_id=&#8221;testimonial&#8221; el_class=&#8221;home-section&#8221;][vc_row el_class=&#8221;row-header&#8221;][vc_column el_class=&#8221;text-center&#8221;][vc_custom_heading text=&#8221;TESTIMONIAL&#8221; font_container=&#8221;tag:h2|text_align:center&#8221; use_theme_fonts=&#8221;yes&#8221; el_class=&#8221;hometitle&#8221;][\/vc_column][\/vc_row][vc_row el_class=&#8221;content-row&#8221;][vc_column width=&#8221;1\/2&#8243;][vc_row_inner el_class=&#8221;item&#8221;][vc_column_inner][vc_single_image image=&#8221;348&#8243; img_size=&#8221;full&#8221; el_class=&#8221;item-pic&#8221;][vc_column_text el_class=&#8221;item-content&#8221;]<\/p>\n<div class=\"item-testimonial\">\n<p>This is the third time cooperating with Bac Truong Son. I am very satisfied with the company&#8217;s service.<\/p>\n<\/div>\n<div class=\"item-infor\">\n<div class=\"item-name\">\u00d4ng: T\u1ed5ng gi\u00e1m \u0111\u1ed1c<\/div>\n<div class=\"item-sub\">Thang Long Tobacco Corporation<\/div>\n<\/div>\n<p>[\/vc_column_text][\/vc_column_inner][\/vc_row_inner][\/vc_column][vc_column width=&#8221;1\/2&#8243;][vc_row_inner el_class=&#8221;item&#8221;][vc_column_inner][vc_single_image image=&#8221;348&#8243; img_size=&#8221;full&#8221; el_class=&#8221;item-pic&#8221;][vc_column_text el_class=&#8221;item-content&#8221;]<\/p>\n<div class=\"item-testimonial\">\n<p>\u0110\u00e2y l\u00e0 l\u1ea7n th\u1ee9 ba h\u1ee3p t\u00e1c v\u1edbi B\u1eafc Tr\u01b0\u1eddng S\u01a1n. T\u00f4i r\u1ea5t h\u00e0i l\u00f2ng v\u1edbi d\u1ecbch v\u1ee5 c\u1ee7a c\u00f4ng ty.<\/p>\n<\/div>\n<div class=\"item-infor\">\n<div class=\"item-name\">\u00d4ng: T\u1ed5ng gi\u00e1m \u0111\u1ed1c<\/div>\n<div class=\"item-sub\">T\u1ed5ng c\u00f4ng ty Thu\u1ed1c L\u00e1 Th\u0103ng Long<\/div>\n<\/div>\n<p>[\/vc_column_text][\/vc_column_inner][\/vc_row_inner][\/vc_column][vc_column width=&#8221;1\/2&#8243;][vc_row_inner el_class=&#8221;item&#8221;][vc_column_inner][vc_single_image image=&#8221;348&#8243; img_size=&#8221;full&#8221; el_class=&#8221;item-pic&#8221;][vc_column_text el_class=&#8221;item-content&#8221;]<\/p>\n<div class=\"item-testimonial\">\n<p>\u0110\u00e2y l\u00e0 l\u1ea7n th\u1ee9 ba h\u1ee3p t\u00e1c v\u1edbi B\u1eafc Tr\u01b0\u1eddng S\u01a1n. T\u00f4i r\u1ea5t h\u00e0i l\u00f2ng v\u1edbi d\u1ecbch v\u1ee5 c\u1ee7a c\u00f4ng ty.<\/p>\n<\/div>\n<div class=\"item-infor\">\n<div class=\"item-name\">\u00d4ng: T\u1ed5ng gi\u00e1m \u0111\u1ed1c<\/div>\n<div class=\"item-sub\">T\u1ed5ng c\u00f4ng ty Thu\u1ed1c L\u00e1 Th\u0103ng Long<\/div>\n<\/div>\n<p>[\/vc_column_text][\/vc_column_inner][\/vc_row_inner][\/vc_column][vc_column width=&#8221;1\/2&#8243;][vc_row_inner el_class=&#8221;item&#8221;][vc_column_inner][vc_single_image image=&#8221;348&#8243; img_size=&#8221;full&#8221; el_class=&#8221;item-pic&#8221;][vc_column_text el_class=&#8221;item-content&#8221;]<\/p>\n<div class=\"item-testimonial\">\n<p>\u0110\u00e2y l\u00e0 l\u1ea7n th\u1ee9 ba h\u1ee3p t\u00e1c v\u1edbi B\u1eafc Tr\u01b0\u1eddng S\u01a1n. T\u00f4i r\u1ea5t h\u00e0i l\u00f2ng v\u1edbi d\u1ecbch v\u1ee5 c\u1ee7a c\u00f4ng ty.<\/p>\n<\/div>\n<div class=\"item-infor\">\n<div class=\"item-name\">\u00d4ng: T\u1ed5ng gi\u00e1m \u0111\u1ed1c<\/div>\n<div class=\"item-sub\">T\u1ed5ng c\u00f4ng ty Thu\u1ed1c L\u00e1 Th\u0103ng Long<\/div>\n<\/div>\n<p>[\/vc_column_text][\/vc_column_inner][\/vc_row_inner][\/vc_column][\/vc_row][\/vc_section][vc_section][vc_row gap=&#8221;15&#8243;][vc_column width=&#8221;1\/2&#8243;][vc_row_inner el_class=&#8221;text-center&#8221;][vc_column_inner][vc_custom_heading text=&#8221;NEWS &#8211; EVENTS&#8221; font_container=&#8221;tag:h2|text_align:center&#8221; use_theme_fonts=&#8221;yes&#8221; el_class=&#8221;hometitle&#8221;][\/vc_column_inner][\/vc_row_inner][vc_row_inner][vc_column_inner][\/vc_column_inner][\/vc_row_inner][\/vc_column][vc_column width=&#8221;1\/2&#8243; el_id=&#8221;procedure&#8221;][vc_row_inner el_class=&#8221;text-center&#8221;][vc_column_inner][vc_custom_heading text=&#8221;PRODUCTION PROCESS&#8221; font_container=&#8221;tag:h2|text_align:center&#8221; use_theme_fonts=&#8221;yes&#8221; el_class=&#8221;hometitle&#8221;][\/vc_column_inner][\/vc_row_inner][vc_row_inner][vc_column_inner][vc_column_text]<\/p>\n<div class=\"item-video\"><img class=\"alignnone size-full wp-image-712\" src=\"http:\/\/baobiminhan.com.vn\/wp-content\/uploads\/2020\/06\/bg-video.png\" width=\"518\" height=\"354\" srcset=\"https:\/\/baobiminhan.com.vn\/wp-content\/uploads\/2020\/06\/bg-video.png 518w, https:\/\/baobiminhan.com.vn\/wp-content\/uploads\/2020\/06\/bg-video-300x205.png 300w, https:\/\/baobiminhan.com.vn\/wp-content\/uploads\/2020\/06\/bg-video-64x44.png 64w\" sizes=\"(max-width: 518px) 100vw, 518px\" \/><\/div>\n<p>[\/vc_column_text][vc_column_text css=&#8221;.vc_custom_1579531934073{margin-top: 0px !important;margin-bottom: 0px !important;}&#8221;]<\/p>\n<p>[\/vc_column_text][\/vc_column_inner][\/vc_row_inner][\/vc_column][\/vc_row][\/vc_section]<\/p>\n<p>It just wasn&#8217;t attached to boat, because boat&#8217;s one dock essay writer helper had already been <a href=\"https:\/\/prothesiswriter.com\/\" target=\"_blank\" rel=\"noopener noreferrer\">thesis help<\/a> claimed.<\/p>\n","protected":false},"excerpt":{"rendered":"<p>[vc_section full_width=&#8221;stretch_row&#8221; el_id=&#8221;about-us&#8221; el_class=&#8221;home-section&#8221; css=&#8221;.vc_custom_1579517958772{background-image: url(http:\/\/inthunggiay.com\/wp-content\/uploads\/2020\/01\/bg-aboutus.png?id=346) !important;}&#8221;][vc_row el_class=&#8221;row-header&#8221;][vc_column el_class=&#8221;text-center&#8221;][vc_custom_heading text=&#8221;ABOUT US&#8221; font_container=&#8221;tag:h2|text_align:center&#8221; use_theme_fonts=&#8221;yes&#8221; el_class=&#8221;hometitle&#8221;][\/vc_column][\/vc_row][vc_row el_class=&#8221;content-row&#8221;][vc_column width=&#8221;1\/4&#8243;][vc_single_image image=&#8221;324&#8243; img_size=&#8221;full&#8221; alignment=&#8221;center&#8221; onclick=&#8221;custom_link&#8221; img_link_target=&#8221;_blank&#8221; link=&#8221;\/san-pham&#8221; el_class=&#8221;item-pic&#8221; css=&#8221;.vc_custom_1579507425993{margin-top: 3rem !important;margin-bottom: 3rem !important;}&#8221;][vc_column_text] DIVERSITY PRODUCTS MotasanphaWe produce carton packaging with all kinds of wave structure, quality, paper color and size, quantity and specificationsm [\/vc_column_text][\/vc_column][vc_column width=&#8221;1\/4&#8243;][vc_single_image image=&#8221;326&#8243; img_size=&#8221;full&#8221; alignment=&#8221;center&#8221; onclick=&#8221;custom_link&#8221; img_link_target=&#8221;_blank&#8221; [&hellip;]<\/p>\n","protected":false},"author":1,"featured_media":325,"parent":0,"menu_order":0,"comment_status":"closed","ping_status":"closed","template":"page-fullwidth.php","meta":[],"yoast_head":"<!-- This site is optimized with the Yoast SEO Premium plugin v18.1 (Yoast SEO v18.2) - https:\/\/yoast.com\/wordpress\/plugins\/seo\/ -->\n<title>Home page - Bao b\u00ec Minh An<\/title>\n<meta name=\"robots\" content=\"index, follow, max-snippet:-1, max-image-preview:large, max-video-preview:-1\" \/>\n<link rel=\"canonical\" href=\"https:\/\/baobiminhan.com.vn\/en\/\" \/>\n<meta property=\"og:locale\" content=\"en_US\" \/>\n<meta property=\"og:type\" content=\"article\" \/>\n<meta property=\"og:title\" content=\"Home page\" \/>\n<meta property=\"og:description\" content=\"[vc_section full_width=&#8221;stretch_row&#8221; el_id=&#8221;about-us&#8221; el_class=&#8221;home-section&#8221; css=&#8221;.vc_custom_1579517958772{background-image: url(http:\/\/inthunggiay.com\/wp-content\/uploads\/2020\/01\/bg-aboutus.png?id=346) !important;}&#8221;][vc_row el_class=&#8221;row-header&#8221;][vc_column el_class=&#8221;text-center&#8221;][vc_custom_heading text=&#8221;ABOUT US&#8221; font_container=&#8221;tag:h2|text_align:center&#8221; use_theme_fonts=&#8221;yes&#8221; el_class=&#8221;hometitle&#8221;][\/vc_column][\/vc_row][vc_row el_class=&#8221;content-row&#8221;][vc_column width=&#8221;1\/4&#8243;][vc_single_image image=&#8221;324&#8243; img_size=&#8221;full&#8221; alignment=&#8221;center&#8221; onclick=&#8221;custom_link&#8221; img_link_target=&#8221;_blank&#8221; link=&#8221;\/san-pham&#8221; el_class=&#8221;item-pic&#8221; css=&#8221;.vc_custom_1579507425993{margin-top: 3rem !important;margin-bottom: 3rem !important;}&#8221;][vc_column_text] DIVERSITY PRODUCTS MotasanphaWe produce carton packaging with all kinds of wave structure, quality, paper color and size, quantity and specificationsm [\/vc_column_text][\/vc_column][vc_column width=&#8221;1\/4&#8243;][vc_single_image image=&#8221;326&#8243; img_size=&#8221;full&#8221; alignment=&#8221;center&#8221; onclick=&#8221;custom_link&#8221; img_link_target=&#8221;_blank&#8221; [&hellip;]\" \/>\n<meta property=\"og:url\" content=\"https:\/\/baobiminhan.com.vn\/en\/\" \/>\n<meta property=\"og:site_name\" content=\"Bao b\u00ec Minh An\" \/>\n<meta property=\"article:modified_time\" content=\"2020-06-04T11:22:49+00:00\" \/>\n<meta property=\"og:image\" content=\"https:\/\/baobiminhan.com.vn\/wp-content\/uploads\/2020\/01\/w1.png\" \/>\n\t<meta property=\"og:image:width\" content=\"166\" \/>\n\t<meta property=\"og:image:height\" content=\"167\" \/>\n\t<meta property=\"og:image:type\" content=\"image\/png\" \/>\n<meta name=\"twitter:card\" content=\"summary_large_image\" \/>\n<meta name=\"twitter:label1\" content=\"Est. reading time\" \/>\n\t<meta name=\"twitter:data1\" content=\"7 minutes\" \/>\n<script type=\"application\/ld+json\" class=\"yoast-schema-graph\">{\"@context\":\"https:\/\/schema.org\",\"@graph\":[{\"@type\":\"WebSite\",\"@id\":\"https:\/\/baobiminhan.com.vn\/en\/#website\",\"url\":\"https:\/\/baobiminhan.com.vn\/en\/\",\"name\":\"Bao b\u00ec Minh An\",\"description\":\"S\u1ea3n xu\u1ea5t - in \u1ea5n bao b\u00ec - th\u00f9ng - h\u1ed9p carton\",\"potentialAction\":[{\"@type\":\"SearchAction\",\"target\":{\"@type\":\"EntryPoint\",\"urlTemplate\":\"https:\/\/baobiminhan.com.vn\/en\/?s={search_term_string}\"},\"query-input\":\"required name=search_term_string\"}],\"inLanguage\":\"en-US\"},{\"@type\":\"ImageObject\",\"@id\":\"https:\/\/baobiminhan.com.vn\/en\/#primaryimage\",\"inLanguage\":\"en-US\",\"url\":\"https:\/\/baobiminhan.com.vn\/wp-content\/uploads\/2020\/01\/w1.png\",\"contentUrl\":\"https:\/\/baobiminhan.com.vn\/wp-content\/uploads\/2020\/01\/w1.png\",\"width\":166,\"height\":167},{\"@type\":\"WebPage\",\"@id\":\"https:\/\/baobiminhan.com.vn\/en\/#webpage\",\"url\":\"https:\/\/baobiminhan.com.vn\/en\/\",\"name\":\"Home page - Bao b\u00ec Minh An\",\"isPartOf\":{\"@id\":\"https:\/\/baobiminhan.com.vn\/en\/#website\"},\"primaryImageOfPage\":{\"@id\":\"https:\/\/baobiminhan.com.vn\/en\/#primaryimage\"},\"datePublished\":\"2020-01-19T12:41:14+00:00\",\"dateModified\":\"2020-06-04T11:22:49+00:00\",\"breadcrumb\":{\"@id\":\"https:\/\/baobiminhan.com.vn\/en\/#breadcrumb\"},\"inLanguage\":\"en-US\",\"potentialAction\":[{\"@type\":\"ReadAction\",\"target\":[\"https:\/\/baobiminhan.com.vn\/en\/\"]}]},{\"@type\":\"BreadcrumbList\",\"@id\":\"https:\/\/baobiminhan.com.vn\/en\/#breadcrumb\",\"itemListElement\":[{\"@type\":\"ListItem\",\"position\":1,\"name\":\"Trang ch\u1ee7\",\"item\":\"https:\/\/baobiminhan.com.vn\/en\/\"},{\"@type\":\"ListItem\",\"position\":2,\"name\":\"Home page\"}]}]}<\/script>\n<!-- \/ Yoast SEO Premium plugin. -->","yoast_head_json":{"title":"Home page - Bao b\u00ec Minh An","robots":{"index":"index","follow":"follow","max-snippet":"max-snippet:-1","max-image-preview":"max-image-preview:large","max-video-preview":"max-video-preview:-1"},"canonical":"https:\/\/baobiminhan.com.vn\/en\/","og_locale":"en_US","og_type":"article","og_title":"Home page","og_description":"[vc_section full_width=&#8221;stretch_row&#8221; el_id=&#8221;about-us&#8221; el_class=&#8221;home-section&#8221; css=&#8221;.vc_custom_1579517958772{background-image: url(http:\/\/inthunggiay.com\/wp-content\/uploads\/2020\/01\/bg-aboutus.png?id=346) !important;}&#8221;][vc_row el_class=&#8221;row-header&#8221;][vc_column el_class=&#8221;text-center&#8221;][vc_custom_heading text=&#8221;ABOUT US&#8221; font_container=&#8221;tag:h2|text_align:center&#8221; use_theme_fonts=&#8221;yes&#8221; el_class=&#8221;hometitle&#8221;][\/vc_column][\/vc_row][vc_row el_class=&#8221;content-row&#8221;][vc_column width=&#8221;1\/4&#8243;][vc_single_image image=&#8221;324&#8243; img_size=&#8221;full&#8221; alignment=&#8221;center&#8221; onclick=&#8221;custom_link&#8221; img_link_target=&#8221;_blank&#8221; link=&#8221;\/san-pham&#8221; el_class=&#8221;item-pic&#8221; css=&#8221;.vc_custom_1579507425993{margin-top: 3rem !important;margin-bottom: 3rem !important;}&#8221;][vc_column_text] DIVERSITY PRODUCTS MotasanphaWe produce carton packaging with all kinds of wave structure, quality, paper color and size, quantity and specificationsm [\/vc_column_text][\/vc_column][vc_column width=&#8221;1\/4&#8243;][vc_single_image image=&#8221;326&#8243; img_size=&#8221;full&#8221; alignment=&#8221;center&#8221; onclick=&#8221;custom_link&#8221; img_link_target=&#8221;_blank&#8221; [&hellip;]","og_url":"https:\/\/baobiminhan.com.vn\/en\/","og_site_name":"Bao b\u00ec Minh An","article_modified_time":"2020-06-04T11:22:49+00:00","og_image":[{"width":166,"height":167,"url":"https:\/\/baobiminhan.com.vn\/wp-content\/uploads\/2020\/01\/w1.png","type":"image\/png"}],"twitter_card":"summary_large_image","twitter_misc":{"Est. reading time":"7 minutes"},"schema":{"@context":"https:\/\/schema.org","@graph":[{"@type":"WebSite","@id":"https:\/\/baobiminhan.com.vn\/en\/#website","url":"https:\/\/baobiminhan.com.vn\/en\/","name":"Bao b\u00ec Minh An","description":"S\u1ea3n xu\u1ea5t - in \u1ea5n bao b\u00ec - th\u00f9ng - h\u1ed9p carton","potentialAction":[{"@type":"SearchAction","target":{"@type":"EntryPoint","urlTemplate":"https:\/\/baobiminhan.com.vn\/en\/?s={search_term_string}"},"query-input":"required name=search_term_string"}],"inLanguage":"en-US"},{"@type":"ImageObject","@id":"https:\/\/baobiminhan.com.vn\/en\/#primaryimage","inLanguage":"en-US","url":"https:\/\/baobiminhan.com.vn\/wp-content\/uploads\/2020\/01\/w1.png","contentUrl":"https:\/\/baobiminhan.com.vn\/wp-content\/uploads\/2020\/01\/w1.png","width":166,"height":167},{"@type":"WebPage","@id":"https:\/\/baobiminhan.com.vn\/en\/#webpage","url":"https:\/\/baobiminhan.com.vn\/en\/","name":"Home page - Bao b\u00ec Minh An","isPartOf":{"@id":"https:\/\/baobiminhan.com.vn\/en\/#website"},"primaryImageOfPage":{"@id":"https:\/\/baobiminhan.com.vn\/en\/#primaryimage"},"datePublished":"2020-01-19T12:41:14+00:00","dateModified":"2020-06-04T11:22:49+00:00","breadcrumb":{"@id":"https:\/\/baobiminhan.com.vn\/en\/#breadcrumb"},"inLanguage":"en-US","potentialAction":[{"@type":"ReadAction","target":["https:\/\/baobiminhan.com.vn\/en\/"]}]},{"@type":"BreadcrumbList","@id":"https:\/\/baobiminhan.com.vn\/en\/#breadcrumb","itemListElement":[{"@type":"ListItem","position":1,"name":"Trang ch\u1ee7","item":"https:\/\/baobiminhan.com.vn\/en\/"},{"@type":"ListItem","position":2,"name":"Home page"}]}]}},"_links":{"self":[{"href":"https:\/\/baobiminhan.com.vn\/en\/wp-json\/wp\/v2\/pages\/286"}],"collection":[{"href":"https:\/\/baobiminhan.com.vn\/en\/wp-json\/wp\/v2\/pages"}],"about":[{"href":"https:\/\/baobiminhan.com.vn\/en\/wp-json\/wp\/v2\/types\/page"}],"author":[{"embeddable":true,"href":"https:\/\/baobiminhan.com.vn\/en\/wp-json\/wp\/v2\/users\/1"}],"replies":[{"embeddable":true,"href":"https:\/\/baobiminhan.com.vn\/en\/wp-json\/wp\/v2\/comments?post=286"}],"version-history":[{"count":0,"href":"https:\/\/baobiminhan.com.vn\/en\/wp-json\/wp\/v2\/pages\/286\/revisions"}],"wp:featuredmedia":[{"embeddable":true,"href":"https:\/\/baobiminhan.com.vn\/en\/wp-json\/wp\/v2\/media\/325"}],"wp:attachment":[{"href":"https:\/\/baobiminhan.com.vn\/en\/wp-json\/wp\/v2\/media?parent=286"}],"curies":[{"name":"wp","href":"https:\/\/api.w.org\/{rel}","templated":true}]}}