{"id":830,"date":"2022-03-11T14:37:00","date_gmt":"2022-03-11T07:37:00","guid":{"rendered":"https:\/\/baobiminhan.com.vn\/?post_type=product&#038;p=830"},"modified":"2022-03-11T14:39:53","modified_gmt":"2022-03-11T07:39:53","slug":"thung-carton-3-lop-khong-in","status":"publish","type":"product","link":"https:\/\/baobiminhan.com.vn\/en\/product\/thung-carton-3-lop-khong-in\/","title":{"rendered":"Th\u00f9ng carton 3 l\u1edbp kh\u00f4ng in"},"content":{"rendered":"<p>Th\u00f9ng carton 3 l\u1edbp kh\u00f4ng in d\u00f9ng \u0111\u1ec3 \u0111\u1ef1ng c\u00e1c s\u1ea3n ph\u1ea9m may m\u1eb7c, n\u00f4ng s\u1ea3n, th\u1ef1c ph\u1ea9m&#8230;.<\/p>\n","protected":false},"excerpt":{"rendered":"<p>Th\u00f9ng carton 3 l\u1edbp kh\u00f4ng in d\u00f9ng \u0111\u1ec3 \u0111\u1ef1ng c\u00e1c s\u1ea3n ph\u1ea9m may m\u1eb7c, n\u00f4ng s\u1ea3n, th\u1ef1c ph\u1ea9m&#8230;.<\/p>\n","protected":false},"featured_media":820,"comment_status":"closed","ping_status":"closed","template":"","meta":[],"product_cat":[48],"product_tag":[],"yoast_head":"<!-- This site is optimized with the Yoast SEO Premium plugin v18.1 (Yoast SEO v18.2) - https:\/\/yoast.com\/wordpress\/plugins\/seo\/ -->\n<title>Th\u00f9ng carton 3 l\u1edbp kh\u00f4ng in - Bao b\u00ec Minh An<\/title>\n<meta name=\"description\" content=\"Th\u00f9ng carton 3 l\u1edbp kh\u00f4ng in d\u00f9ng \u0111\u1ec3 \u0111\u1ef1ng c\u00e1c s\u1ea3n ph\u1ea9m may m\u1eb7c, n\u00f4ng s\u1ea3n, th\u1ef1c ph\u1ea9m....\" \/>\n<meta name=\"robots\" content=\"index, follow, max-snippet:-1, max-image-preview:large, max-video-preview:-1\" \/>\n<link rel=\"canonical\" href=\"https:\/\/baobiminhan.com.vn\/en\/product\/thung-carton-3-lop-khong-in\/\" \/>\n<meta property=\"og:locale\" content=\"en_US\" \/>\n<meta property=\"og:type\" content=\"article\" \/>\n<meta property=\"og:title\" content=\"Th\u00f9ng carton 3 l\u1edbp kh\u00f4ng in\" \/>\n<meta property=\"og:description\" content=\"Th\u00f9ng carton 3 l\u1edbp kh\u00f4ng in d\u00f9ng \u0111\u1ec3 \u0111\u1ef1ng c\u00e1c s\u1ea3n ph\u1ea9m may m\u1eb7c, n\u00f4ng s\u1ea3n, th\u1ef1c ph\u1ea9m....\" \/>\n<meta property=\"og:url\" content=\"https:\/\/baobiminhan.com.vn\/en\/product\/thung-carton-3-lop-khong-in\/\" \/>\n<meta property=\"og:site_name\" content=\"Bao b\u00ec Minh An\" \/>\n<meta property=\"article:modified_time\" content=\"2022-03-11T07:39:53+00:00\" \/>\n<meta property=\"og:image\" content=\"https:\/\/baobiminhan.com.vn\/wp-content\/uploads\/2022\/03\/THUNG-CARTON-3-LOP-KO-IN.jpg\" \/>\n\t<meta property=\"og:image:width\" content=\"800\" \/>\n\t<meta property=\"og:image:height\" content=\"600\" \/>\n\t<meta property=\"og:image:type\" content=\"image\/jpeg\" \/>\n<meta name=\"twitter:card\" content=\"summary_large_image\" \/>\n<meta name=\"twitter:label1\" content=\"Est. reading time\" \/>\n\t<meta name=\"twitter:data1\" content=\"1 minute\" \/>\n<script type=\"application\/ld+json\" class=\"yoast-schema-graph\">{\"@context\":\"https:\/\/schema.org\",\"@graph\":[{\"@type\":\"WebSite\",\"@id\":\"https:\/\/baobiminhan.com.vn\/en\/#website\",\"url\":\"https:\/\/baobiminhan.com.vn\/en\/\",\"name\":\"Bao b\u00ec Minh An\",\"description\":\"S\u1ea3n xu\u1ea5t - in \u1ea5n bao b\u00ec - th\u00f9ng - h\u1ed9p carton\",\"potentialAction\":[{\"@type\":\"SearchAction\",\"target\":{\"@type\":\"EntryPoint\",\"urlTemplate\":\"https:\/\/baobiminhan.com.vn\/en\/?s={search_term_string}\"},\"query-input\":\"required name=search_term_string\"}],\"inLanguage\":\"en-US\"},{\"@type\":\"ImageObject\",\"@id\":\"https:\/\/baobiminhan.com.vn\/en\/product\/thung-carton-3-lop-khong-in\/#primaryimage\",\"inLanguage\":\"en-US\",\"url\":\"https:\/\/baobiminhan.com.vn\/wp-content\/uploads\/2022\/03\/THUNG-CARTON-3-LOP-KO-IN.jpg\",\"contentUrl\":\"https:\/\/baobiminhan.com.vn\/wp-content\/uploads\/2022\/03\/THUNG-CARTON-3-LOP-KO-IN.jpg\",\"width\":800,\"height\":600,\"caption\":\"THUNG CARTON 3 LOP KHONG IN\"},{\"@type\":\"WebPage\",\"@id\":\"https:\/\/baobiminhan.com.vn\/en\/product\/thung-carton-3-lop-khong-in\/#webpage\",\"url\":\"https:\/\/baobiminhan.com.vn\/en\/product\/thung-carton-3-lop-khong-in\/\",\"name\":\"Th\u00f9ng carton 3 l\u1edbp kh\u00f4ng in - Bao b\u00ec Minh An\",\"isPartOf\":{\"@id\":\"https:\/\/baobiminhan.com.vn\/en\/#website\"},\"primaryImageOfPage\":{\"@id\":\"https:\/\/baobiminhan.com.vn\/en\/product\/thung-carton-3-lop-khong-in\/#primaryimage\"},\"datePublished\":\"2022-03-11T07:37:00+00:00\",\"dateModified\":\"2022-03-11T07:39:53+00:00\",\"description\":\"Th\u00f9ng carton 3 l\u1edbp kh\u00f4ng in d\u00f9ng \u0111\u1ec3 \u0111\u1ef1ng c\u00e1c s\u1ea3n ph\u1ea9m may m\u1eb7c, n\u00f4ng s\u1ea3n, th\u1ef1c ph\u1ea9m....\",\"breadcrumb\":{\"@id\":\"https:\/\/baobiminhan.com.vn\/en\/product\/thung-carton-3-lop-khong-in\/#breadcrumb\"},\"inLanguage\":\"en-US\",\"potentialAction\":[{\"@type\":\"ReadAction\",\"target\":[\"https:\/\/baobiminhan.com.vn\/en\/product\/thung-carton-3-lop-khong-in\/\"]}]},{\"@type\":\"BreadcrumbList\",\"@id\":\"https:\/\/baobiminhan.com.vn\/en\/product\/thung-carton-3-lop-khong-in\/#breadcrumb\",\"itemListElement\":[{\"@type\":\"ListItem\",\"position\":1,\"name\":\"Trang ch\u1ee7\",\"item\":\"https:\/\/baobiminhan.com.vn\/en\/\"},{\"@type\":\"ListItem\",\"position\":2,\"name\":\"Shop\",\"item\":\"https:\/\/baobiminhan.com.vn\/en\/shop\/\"},{\"@type\":\"ListItem\",\"position\":3,\"name\":\"Th\u00f9ng carton 3,5,7 l\u1edbp\",\"item\":\"https:\/\/baobiminhan.com.vn\/en\/danh-muc-san-pham\/carton-hop-357-lop\/\"},{\"@type\":\"ListItem\",\"position\":4,\"name\":\"Th\u00f9ng carton 3 l\u1edbp kh\u00f4ng in\"}]}]}<\/script>\n<!-- \/ Yoast SEO Premium plugin. -->","yoast_head_json":{"title":"Th\u00f9ng carton 3 l\u1edbp kh\u00f4ng in - Bao b\u00ec Minh An","description":"Th\u00f9ng carton 3 l\u1edbp kh\u00f4ng in d\u00f9ng \u0111\u1ec3 \u0111\u1ef1ng c\u00e1c s\u1ea3n ph\u1ea9m may m\u1eb7c, n\u00f4ng s\u1ea3n, th\u1ef1c ph\u1ea9m....","robots":{"index":"index","follow":"follow","max-snippet":"max-snippet:-1","max-image-preview":"max-image-preview:large","max-video-preview":"max-video-preview:-1"},"canonical":"https:\/\/baobiminhan.com.vn\/en\/product\/thung-carton-3-lop-khong-in\/","og_locale":"en_US","og_type":"article","og_title":"Th\u00f9ng carton 3 l\u1edbp kh\u00f4ng in","og_description":"Th\u00f9ng carton 3 l\u1edbp kh\u00f4ng in d\u00f9ng \u0111\u1ec3 \u0111\u1ef1ng c\u00e1c s\u1ea3n ph\u1ea9m may m\u1eb7c, n\u00f4ng s\u1ea3n, th\u1ef1c ph\u1ea9m....","og_url":"https:\/\/baobiminhan.com.vn\/en\/product\/thung-carton-3-lop-khong-in\/","og_site_name":"Bao b\u00ec Minh An","article_modified_time":"2022-03-11T07:39:53+00:00","og_image":[{"width":800,"height":600,"url":"https:\/\/baobiminhan.com.vn\/wp-content\/uploads\/2022\/03\/THUNG-CARTON-3-LOP-KO-IN.jpg","type":"image\/jpeg"}],"twitter_card":"summary_large_image","twitter_misc":{"Est. reading time":"1 minute"},"schema":{"@context":"https:\/\/schema.org","@graph":[{"@type":"WebSite","@id":"https:\/\/baobiminhan.com.vn\/en\/#website","url":"https:\/\/baobiminhan.com.vn\/en\/","name":"Bao b\u00ec Minh An","description":"S\u1ea3n xu\u1ea5t - in \u1ea5n bao b\u00ec - th\u00f9ng - h\u1ed9p carton","potentialAction":[{"@type":"SearchAction","target":{"@type":"EntryPoint","urlTemplate":"https:\/\/baobiminhan.com.vn\/en\/?s={search_term_string}"},"query-input":"required name=search_term_string"}],"inLanguage":"en-US"},{"@type":"ImageObject","@id":"https:\/\/baobiminhan.com.vn\/en\/product\/thung-carton-3-lop-khong-in\/#primaryimage","inLanguage":"en-US","url":"https:\/\/baobiminhan.com.vn\/wp-content\/uploads\/2022\/03\/THUNG-CARTON-3-LOP-KO-IN.jpg","contentUrl":"https:\/\/baobiminhan.com.vn\/wp-content\/uploads\/2022\/03\/THUNG-CARTON-3-LOP-KO-IN.jpg","width":800,"height":600,"caption":"THUNG CARTON 3 LOP KHONG IN"},{"@type":"WebPage","@id":"https:\/\/baobiminhan.com.vn\/en\/product\/thung-carton-3-lop-khong-in\/#webpage","url":"https:\/\/baobiminhan.com.vn\/en\/product\/thung-carton-3-lop-khong-in\/","name":"Th\u00f9ng carton 3 l\u1edbp kh\u00f4ng in - Bao b\u00ec Minh An","isPartOf":{"@id":"https:\/\/baobiminhan.com.vn\/en\/#website"},"primaryImageOfPage":{"@id":"https:\/\/baobiminhan.com.vn\/en\/product\/thung-carton-3-lop-khong-in\/#primaryimage"},"datePublished":"2022-03-11T07:37:00+00:00","dateModified":"2022-03-11T07:39:53+00:00","description":"Th\u00f9ng carton 3 l\u1edbp kh\u00f4ng in d\u00f9ng \u0111\u1ec3 \u0111\u1ef1ng c\u00e1c s\u1ea3n ph\u1ea9m may m\u1eb7c, n\u00f4ng s\u1ea3n, th\u1ef1c ph\u1ea9m....","breadcrumb":{"@id":"https:\/\/baobiminhan.com.vn\/en\/product\/thung-carton-3-lop-khong-in\/#breadcrumb"},"inLanguage":"en-US","potentialAction":[{"@type":"ReadAction","target":["https:\/\/baobiminhan.com.vn\/en\/product\/thung-carton-3-lop-khong-in\/"]}]},{"@type":"BreadcrumbList","@id":"https:\/\/baobiminhan.com.vn\/en\/product\/thung-carton-3-lop-khong-in\/#breadcrumb","itemListElement":[{"@type":"ListItem","position":1,"name":"Trang ch\u1ee7","item":"https:\/\/baobiminhan.com.vn\/en\/"},{"@type":"ListItem","position":2,"name":"Shop","item":"https:\/\/baobiminhan.com.vn\/en\/shop\/"},{"@type":"ListItem","position":3,"name":"Th\u00f9ng carton 3,5,7 l\u1edbp","item":"https:\/\/baobiminhan.com.vn\/en\/danh-muc-san-pham\/carton-hop-357-lop\/"},{"@type":"ListItem","position":4,"name":"Th\u00f9ng carton 3 l\u1edbp kh\u00f4ng in"}]}]}},"_links":{"self":[{"href":"https:\/\/baobiminhan.com.vn\/en\/wp-json\/wp\/v2\/product\/830"}],"collection":[{"href":"https:\/\/baobiminhan.com.vn\/en\/wp-json\/wp\/v2\/product"}],"about":[{"href":"https:\/\/baobiminhan.com.vn\/en\/wp-json\/wp\/v2\/types\/product"}],"replies":[{"embeddable":true,"href":"https:\/\/baobiminhan.com.vn\/en\/wp-json\/wp\/v2\/comments?post=830"}],"wp:featuredmedia":[{"embeddable":true,"href":"https:\/\/baobiminhan.com.vn\/en\/wp-json\/wp\/v2\/media\/820"}],"wp:attachment":[{"href":"https:\/\/baobiminhan.com.vn\/en\/wp-json\/wp\/v2\/media?parent=830"}],"wp:term":[{"taxonomy":"product_cat","embeddable":true,"href":"https:\/\/baobiminhan.com.vn\/en\/wp-json\/wp\/v2\/product_cat?post=830"},{"taxonomy":"product_tag","embeddable":true,"href":"https:\/\/baobiminhan.com.vn\/en\/wp-json\/wp\/v2\/product_tag?post=830"}],"curies":[{"name":"wp","href":"https:\/\/api.w.org\/{rel}","templated":true}]}}